{"id":4719,"date":"2020-10-07T15:15:38","date_gmt":"2020-10-07T15:15:38","guid":{"rendered":"https:\/\/godispill.com\/product\/33-masque-de-protection-jetable-2\/"},"modified":"2020-10-07T18:09:28","modified_gmt":"2020-10-07T18:09:28","slug":"33-masque-de-protection-jetable-2","status":"publish","type":"product","link":"https:\/\/dispill.com\/fr\/produit\/33-masque-de-protection-jetable-2\/","title":{"rendered":"#33 \/ Masque de protection jetable"},"content":{"rendered":"<p><strong>#33 \/ Masque de protection jetable<\/strong><\/p>\n<p><strong>ASTM niveau 2<\/strong><br \/>\n3 plis avec couche filtrante de protection int\u00e9rieure<br \/>\nConception \u00e0 4 plis pour un ajustement confortable<br \/>\nBoucles d\u2019oreilles \u00e9lastiques en polyester solide<br \/>\nJetable, \u00e0 usage unique<\/p>\n<p>&nbsp;<\/p>\n<p><em><strong>50 unit\u00e9s par bo\u00eetes\u00a0(20 bo\u00eetes par caisse)<\/strong><\/em><br \/>\n<em><strong>Mininum 5 bo\u00eetes<\/strong><\/em><\/p>\n","protected":false},"excerpt":{"rendered":"<p>#33 \/ Masque de protection jetable ASTM niveau 2 3 plis avec couche filtrante de protection int\u00e9rieure Conception \u00e0 4 plis pour un ajustement confortable Boucles d\u2019oreilles \u00e9lastiques en polyester solide Jetable, \u00e0 usage unique &nbsp; 50 unit\u00e9s par bo\u00eetes\u00a0(20 bo\u00eetes par caisse) Mininum 5&#8230;<\/p>\n","protected":false},"featured_media":4713,"template":"","meta":[],"product_cat":[149],"product_tag":[],"yoast_head":"<!-- This site is optimized with the Yoast SEO plugin v22.8 - https:\/\/yoast.com\/wordpress\/plugins\/seo\/ -->\n<title>#33 \/ Masque de protection jetable - Dispill<\/title>\n<meta name=\"robots\" content=\"index, follow, max-snippet:-1, max-image-preview:large, max-video-preview:-1\" \/>\n<link rel=\"canonical\" href=\"https:\/\/dispill.com\/fr\/produit\/33-masque-de-protection-jetable-2\/\" \/>\n<meta property=\"og:locale\" content=\"fr_FR\" \/>\n<meta property=\"og:type\" content=\"article\" \/>\n<meta property=\"og:title\" content=\"#33 \/ Masque de protection jetable - Dispill\" \/>\n<meta property=\"og:description\" content=\"#33 \/ Masque de protection jetable ASTM niveau 2 3 plis avec couche filtrante de protection int\u00e9rieure Conception \u00e0 4 plis pour un ajustement confortable Boucles d\u2019oreilles \u00e9lastiques en polyester solide Jetable, \u00e0 usage unique &nbsp; 50 unit\u00e9s par bo\u00eetes\u00a0(20 bo\u00eetes par caisse) Mininum 5...\" \/>\n<meta property=\"og:url\" content=\"https:\/\/dispill.com\/fr\/produit\/33-masque-de-protection-jetable-2\/\" \/>\n<meta property=\"og:site_name\" content=\"Dispill\" \/>\n<meta property=\"article:modified_time\" content=\"2020-10-07T18:09:28+00:00\" \/>\n<meta property=\"og:image\" content=\"https:\/\/dispill.com\/wp-content\/uploads\/2020\/08\/Mask-masque.jpg\" \/>\n\t<meta property=\"og:image:width\" content=\"300\" \/>\n\t<meta property=\"og:image:height\" content=\"300\" \/>\n\t<meta property=\"og:image:type\" content=\"image\/jpeg\" \/>\n<meta name=\"twitter:card\" content=\"summary_large_image\" \/>\n<script type=\"application\/ld+json\" class=\"yoast-schema-graph\">{\"@context\":\"https:\/\/schema.org\",\"@graph\":[{\"@type\":\"WebPage\",\"@id\":\"https:\/\/dispill.com\/fr\/produit\/33-masque-de-protection-jetable-2\/\",\"url\":\"https:\/\/dispill.com\/fr\/produit\/33-masque-de-protection-jetable-2\/\",\"name\":\"#33 \/ Masque de protection jetable - Dispill\",\"isPartOf\":{\"@id\":\"https:\/\/dispill.com\/#website\"},\"primaryImageOfPage\":{\"@id\":\"https:\/\/dispill.com\/fr\/produit\/33-masque-de-protection-jetable-2\/#primaryimage\"},\"image\":{\"@id\":\"https:\/\/dispill.com\/fr\/produit\/33-masque-de-protection-jetable-2\/#primaryimage\"},\"thumbnailUrl\":\"https:\/\/dispill.com\/wp-content\/uploads\/2020\/08\/Mask-masque.jpg\",\"datePublished\":\"2020-10-07T15:15:38+00:00\",\"dateModified\":\"2020-10-07T18:09:28+00:00\",\"breadcrumb\":{\"@id\":\"https:\/\/dispill.com\/fr\/produit\/33-masque-de-protection-jetable-2\/#breadcrumb\"},\"inLanguage\":\"fr-FR\",\"potentialAction\":[{\"@type\":\"ReadAction\",\"target\":[\"https:\/\/dispill.com\/fr\/produit\/33-masque-de-protection-jetable-2\/\"]}]},{\"@type\":\"ImageObject\",\"inLanguage\":\"fr-FR\",\"@id\":\"https:\/\/dispill.com\/fr\/produit\/33-masque-de-protection-jetable-2\/#primaryimage\",\"url\":\"https:\/\/dispill.com\/wp-content\/uploads\/2020\/08\/Mask-masque.jpg\",\"contentUrl\":\"https:\/\/dispill.com\/wp-content\/uploads\/2020\/08\/Mask-masque.jpg\",\"width\":300,\"height\":300},{\"@type\":\"BreadcrumbList\",\"@id\":\"https:\/\/dispill.com\/fr\/produit\/33-masque-de-protection-jetable-2\/#breadcrumb\",\"itemListElement\":[{\"@type\":\"ListItem\",\"position\":1,\"name\":\"Home\",\"item\":\"https:\/\/dispill.com\/fr\/\"},{\"@type\":\"ListItem\",\"position\":2,\"name\":\"Boutique\",\"item\":\"https:\/\/dispill.com\/fr\/boutique-3\/\"},{\"@type\":\"ListItem\",\"position\":3,\"name\":\"#33 \/ Masque de protection jetable\"}]},{\"@type\":\"WebSite\",\"@id\":\"https:\/\/dispill.com\/#website\",\"url\":\"https:\/\/dispill.com\/\",\"name\":\"Dispill\",\"description\":\"Dispill\",\"potentialAction\":[{\"@type\":\"SearchAction\",\"target\":{\"@type\":\"EntryPoint\",\"urlTemplate\":\"https:\/\/dispill.com\/?s={search_term_string}\"},\"query-input\":\"required name=search_term_string\"}],\"inLanguage\":\"fr-FR\"}]}<\/script>\n<!-- \/ Yoast SEO plugin. -->","yoast_head_json":{"title":"#33 \/ Masque de protection jetable - Dispill","robots":{"index":"index","follow":"follow","max-snippet":"max-snippet:-1","max-image-preview":"max-image-preview:large","max-video-preview":"max-video-preview:-1"},"canonical":"https:\/\/dispill.com\/fr\/produit\/33-masque-de-protection-jetable-2\/","og_locale":"fr_FR","og_type":"article","og_title":"#33 \/ Masque de protection jetable - Dispill","og_description":"#33 \/ Masque de protection jetable ASTM niveau 2 3 plis avec couche filtrante de protection int\u00e9rieure Conception \u00e0 4 plis pour un ajustement confortable Boucles d\u2019oreilles \u00e9lastiques en polyester solide Jetable, \u00e0 usage unique &nbsp; 50 unit\u00e9s par bo\u00eetes\u00a0(20 bo\u00eetes par caisse) Mininum 5...","og_url":"https:\/\/dispill.com\/fr\/produit\/33-masque-de-protection-jetable-2\/","og_site_name":"Dispill","article_modified_time":"2020-10-07T18:09:28+00:00","og_image":[{"width":300,"height":300,"url":"https:\/\/dispill.com\/wp-content\/uploads\/2020\/08\/Mask-masque.jpg","type":"image\/jpeg"}],"twitter_card":"summary_large_image","schema":{"@context":"https:\/\/schema.org","@graph":[{"@type":"WebPage","@id":"https:\/\/dispill.com\/fr\/produit\/33-masque-de-protection-jetable-2\/","url":"https:\/\/dispill.com\/fr\/produit\/33-masque-de-protection-jetable-2\/","name":"#33 \/ Masque de protection jetable - Dispill","isPartOf":{"@id":"https:\/\/dispill.com\/#website"},"primaryImageOfPage":{"@id":"https:\/\/dispill.com\/fr\/produit\/33-masque-de-protection-jetable-2\/#primaryimage"},"image":{"@id":"https:\/\/dispill.com\/fr\/produit\/33-masque-de-protection-jetable-2\/#primaryimage"},"thumbnailUrl":"https:\/\/dispill.com\/wp-content\/uploads\/2020\/08\/Mask-masque.jpg","datePublished":"2020-10-07T15:15:38+00:00","dateModified":"2020-10-07T18:09:28+00:00","breadcrumb":{"@id":"https:\/\/dispill.com\/fr\/produit\/33-masque-de-protection-jetable-2\/#breadcrumb"},"inLanguage":"fr-FR","potentialAction":[{"@type":"ReadAction","target":["https:\/\/dispill.com\/fr\/produit\/33-masque-de-protection-jetable-2\/"]}]},{"@type":"ImageObject","inLanguage":"fr-FR","@id":"https:\/\/dispill.com\/fr\/produit\/33-masque-de-protection-jetable-2\/#primaryimage","url":"https:\/\/dispill.com\/wp-content\/uploads\/2020\/08\/Mask-masque.jpg","contentUrl":"https:\/\/dispill.com\/wp-content\/uploads\/2020\/08\/Mask-masque.jpg","width":300,"height":300},{"@type":"BreadcrumbList","@id":"https:\/\/dispill.com\/fr\/produit\/33-masque-de-protection-jetable-2\/#breadcrumb","itemListElement":[{"@type":"ListItem","position":1,"name":"Home","item":"https:\/\/dispill.com\/fr\/"},{"@type":"ListItem","position":2,"name":"Boutique","item":"https:\/\/dispill.com\/fr\/boutique-3\/"},{"@type":"ListItem","position":3,"name":"#33 \/ Masque de protection jetable"}]},{"@type":"WebSite","@id":"https:\/\/dispill.com\/#website","url":"https:\/\/dispill.com\/","name":"Dispill","description":"Dispill","potentialAction":[{"@type":"SearchAction","target":{"@type":"EntryPoint","urlTemplate":"https:\/\/dispill.com\/?s={search_term_string}"},"query-input":"required name=search_term_string"}],"inLanguage":"fr-FR"}]}},"_links":{"self":[{"href":"https:\/\/dispill.com\/fr\/wp-json\/wp\/v2\/product\/4719"}],"collection":[{"href":"https:\/\/dispill.com\/fr\/wp-json\/wp\/v2\/product"}],"about":[{"href":"https:\/\/dispill.com\/fr\/wp-json\/wp\/v2\/types\/product"}],"wp:featuredmedia":[{"embeddable":true,"href":"https:\/\/dispill.com\/fr\/wp-json\/wp\/v2\/media\/4713"}],"wp:attachment":[{"href":"https:\/\/dispill.com\/fr\/wp-json\/wp\/v2\/media?parent=4719"}],"wp:term":[{"taxonomy":"product_cat","embeddable":true,"href":"https:\/\/dispill.com\/fr\/wp-json\/wp\/v2\/product_cat?post=4719"},{"taxonomy":"product_tag","embeddable":true,"href":"https:\/\/dispill.com\/fr\/wp-json\/wp\/v2\/product_tag?post=4719"}],"curies":[{"name":"wp","href":"https:\/\/api.w.org\/{rel}","templated":true}]}}