{"id":2134,"date":"2018-06-06T15:57:31","date_gmt":"2018-06-06T15:57:31","guid":{"rendered":"https:\/\/godispill.com\/product\/14-support-de-verification\/"},"modified":"2021-12-17T20:45:58","modified_gmt":"2021-12-17T20:45:58","slug":"14-support-de-verification","status":"publish","type":"product","link":"https:\/\/dispill.com\/fr\/produit\/14-support-de-verification\/","title":{"rendered":"#14 \/ Support de v\u00e9rification"},"content":{"rendered":"<p><strong>#14 \/ Support de v\u00e9rification<\/strong><br \/>\nPour cartes alv\u00e9olaires \u00e0 empiler<br \/>\nS\u2019utilise avant le scellement \u00e0 froid<br \/>\nEn m\u00e9tal fini Nickel<br \/>\nContient 13 \u00e0 15 Dispill<br \/>\n10 1\/2 L x 13 H x 8 1\/2 P<\/p>\n","protected":false},"excerpt":{"rendered":"<p>#14 \/ Support de v\u00e9rification Pour cartes alv\u00e9olaires \u00e0 empiler S\u2019utilise avant le scellement \u00e0 froid En m\u00e9tal fini Nickel Contient 13 \u00e0 15 Dispill 10 1\/2 L x 13 H x 8 1\/2 P<\/p>\n","protected":false},"featured_media":2211,"template":"","meta":[],"product_cat":[128],"product_tag":[],"yoast_head":"<!-- This site is optimized with the Yoast SEO plugin v22.8 - https:\/\/yoast.com\/wordpress\/plugins\/seo\/ -->\n<title>#14 \/ Support de v\u00e9rification - Dispill<\/title>\n<meta name=\"robots\" content=\"index, follow, max-snippet:-1, max-image-preview:large, max-video-preview:-1\" \/>\n<link rel=\"canonical\" href=\"https:\/\/dispill.com\/fr\/produit\/14-support-de-verification\/\" \/>\n<meta property=\"og:locale\" content=\"fr_FR\" \/>\n<meta property=\"og:type\" content=\"article\" \/>\n<meta property=\"og:title\" content=\"#14 \/ Support de v\u00e9rification - Dispill\" \/>\n<meta property=\"og:description\" content=\"#14 \/ Support de v\u00e9rification Pour cartes alv\u00e9olaires \u00e0 empiler S\u2019utilise avant le scellement \u00e0 froid En m\u00e9tal fini Nickel Contient 13 \u00e0 15 Dispill 10 1\/2 L x 13 H x 8 1\/2 P\" \/>\n<meta property=\"og:url\" content=\"https:\/\/dispill.com\/fr\/produit\/14-support-de-verification\/\" \/>\n<meta property=\"og:site_name\" content=\"Dispill\" \/>\n<meta property=\"article:modified_time\" content=\"2021-12-17T20:45:58+00:00\" \/>\n<meta property=\"og:image\" content=\"https:\/\/dispill.com\/wp-content\/uploads\/2017\/10\/support_de_verification.jpg\" \/>\n\t<meta property=\"og:image:width\" content=\"500\" \/>\n\t<meta property=\"og:image:height\" content=\"500\" \/>\n\t<meta property=\"og:image:type\" content=\"image\/jpeg\" \/>\n<meta name=\"twitter:card\" content=\"summary_large_image\" \/>\n<script type=\"application\/ld+json\" class=\"yoast-schema-graph\">{\"@context\":\"https:\/\/schema.org\",\"@graph\":[{\"@type\":\"WebPage\",\"@id\":\"https:\/\/dispill.com\/fr\/produit\/14-support-de-verification\/\",\"url\":\"https:\/\/dispill.com\/fr\/produit\/14-support-de-verification\/\",\"name\":\"#14 \/ Support de v\u00e9rification - Dispill\",\"isPartOf\":{\"@id\":\"https:\/\/dispill.com\/#website\"},\"primaryImageOfPage\":{\"@id\":\"https:\/\/dispill.com\/fr\/produit\/14-support-de-verification\/#primaryimage\"},\"image\":{\"@id\":\"https:\/\/dispill.com\/fr\/produit\/14-support-de-verification\/#primaryimage\"},\"thumbnailUrl\":\"https:\/\/dispill.com\/wp-content\/uploads\/2017\/10\/support_de_verification.jpg\",\"datePublished\":\"2018-06-06T15:57:31+00:00\",\"dateModified\":\"2021-12-17T20:45:58+00:00\",\"breadcrumb\":{\"@id\":\"https:\/\/dispill.com\/fr\/produit\/14-support-de-verification\/#breadcrumb\"},\"inLanguage\":\"fr-FR\",\"potentialAction\":[{\"@type\":\"ReadAction\",\"target\":[\"https:\/\/dispill.com\/fr\/produit\/14-support-de-verification\/\"]}]},{\"@type\":\"ImageObject\",\"inLanguage\":\"fr-FR\",\"@id\":\"https:\/\/dispill.com\/fr\/produit\/14-support-de-verification\/#primaryimage\",\"url\":\"https:\/\/dispill.com\/wp-content\/uploads\/2017\/10\/support_de_verification.jpg\",\"contentUrl\":\"https:\/\/dispill.com\/wp-content\/uploads\/2017\/10\/support_de_verification.jpg\",\"width\":500,\"height\":500},{\"@type\":\"BreadcrumbList\",\"@id\":\"https:\/\/dispill.com\/fr\/produit\/14-support-de-verification\/#breadcrumb\",\"itemListElement\":[{\"@type\":\"ListItem\",\"position\":1,\"name\":\"Home\",\"item\":\"https:\/\/dispill.com\/fr\/\"},{\"@type\":\"ListItem\",\"position\":2,\"name\":\"Boutique\",\"item\":\"https:\/\/dispill.com\/fr\/boutique-3\/\"},{\"@type\":\"ListItem\",\"position\":3,\"name\":\"#14 \/ Support de v\u00e9rification\"}]},{\"@type\":\"WebSite\",\"@id\":\"https:\/\/dispill.com\/#website\",\"url\":\"https:\/\/dispill.com\/\",\"name\":\"Dispill\",\"description\":\"Dispill\",\"potentialAction\":[{\"@type\":\"SearchAction\",\"target\":{\"@type\":\"EntryPoint\",\"urlTemplate\":\"https:\/\/dispill.com\/?s={search_term_string}\"},\"query-input\":\"required name=search_term_string\"}],\"inLanguage\":\"fr-FR\"}]}<\/script>\n<!-- \/ Yoast SEO plugin. -->","yoast_head_json":{"title":"#14 \/ Support de v\u00e9rification - Dispill","robots":{"index":"index","follow":"follow","max-snippet":"max-snippet:-1","max-image-preview":"max-image-preview:large","max-video-preview":"max-video-preview:-1"},"canonical":"https:\/\/dispill.com\/fr\/produit\/14-support-de-verification\/","og_locale":"fr_FR","og_type":"article","og_title":"#14 \/ Support de v\u00e9rification - Dispill","og_description":"#14 \/ Support de v\u00e9rification Pour cartes alv\u00e9olaires \u00e0 empiler S\u2019utilise avant le scellement \u00e0 froid En m\u00e9tal fini Nickel Contient 13 \u00e0 15 Dispill 10 1\/2 L x 13 H x 8 1\/2 P","og_url":"https:\/\/dispill.com\/fr\/produit\/14-support-de-verification\/","og_site_name":"Dispill","article_modified_time":"2021-12-17T20:45:58+00:00","og_image":[{"width":500,"height":500,"url":"https:\/\/dispill.com\/wp-content\/uploads\/2017\/10\/support_de_verification.jpg","type":"image\/jpeg"}],"twitter_card":"summary_large_image","schema":{"@context":"https:\/\/schema.org","@graph":[{"@type":"WebPage","@id":"https:\/\/dispill.com\/fr\/produit\/14-support-de-verification\/","url":"https:\/\/dispill.com\/fr\/produit\/14-support-de-verification\/","name":"#14 \/ Support de v\u00e9rification - Dispill","isPartOf":{"@id":"https:\/\/dispill.com\/#website"},"primaryImageOfPage":{"@id":"https:\/\/dispill.com\/fr\/produit\/14-support-de-verification\/#primaryimage"},"image":{"@id":"https:\/\/dispill.com\/fr\/produit\/14-support-de-verification\/#primaryimage"},"thumbnailUrl":"https:\/\/dispill.com\/wp-content\/uploads\/2017\/10\/support_de_verification.jpg","datePublished":"2018-06-06T15:57:31+00:00","dateModified":"2021-12-17T20:45:58+00:00","breadcrumb":{"@id":"https:\/\/dispill.com\/fr\/produit\/14-support-de-verification\/#breadcrumb"},"inLanguage":"fr-FR","potentialAction":[{"@type":"ReadAction","target":["https:\/\/dispill.com\/fr\/produit\/14-support-de-verification\/"]}]},{"@type":"ImageObject","inLanguage":"fr-FR","@id":"https:\/\/dispill.com\/fr\/produit\/14-support-de-verification\/#primaryimage","url":"https:\/\/dispill.com\/wp-content\/uploads\/2017\/10\/support_de_verification.jpg","contentUrl":"https:\/\/dispill.com\/wp-content\/uploads\/2017\/10\/support_de_verification.jpg","width":500,"height":500},{"@type":"BreadcrumbList","@id":"https:\/\/dispill.com\/fr\/produit\/14-support-de-verification\/#breadcrumb","itemListElement":[{"@type":"ListItem","position":1,"name":"Home","item":"https:\/\/dispill.com\/fr\/"},{"@type":"ListItem","position":2,"name":"Boutique","item":"https:\/\/dispill.com\/fr\/boutique-3\/"},{"@type":"ListItem","position":3,"name":"#14 \/ Support de v\u00e9rification"}]},{"@type":"WebSite","@id":"https:\/\/dispill.com\/#website","url":"https:\/\/dispill.com\/","name":"Dispill","description":"Dispill","potentialAction":[{"@type":"SearchAction","target":{"@type":"EntryPoint","urlTemplate":"https:\/\/dispill.com\/?s={search_term_string}"},"query-input":"required name=search_term_string"}],"inLanguage":"fr-FR"}]}},"_links":{"self":[{"href":"https:\/\/dispill.com\/fr\/wp-json\/wp\/v2\/product\/2134"}],"collection":[{"href":"https:\/\/dispill.com\/fr\/wp-json\/wp\/v2\/product"}],"about":[{"href":"https:\/\/dispill.com\/fr\/wp-json\/wp\/v2\/types\/product"}],"wp:featuredmedia":[{"embeddable":true,"href":"https:\/\/dispill.com\/fr\/wp-json\/wp\/v2\/media\/2211"}],"wp:attachment":[{"href":"https:\/\/dispill.com\/fr\/wp-json\/wp\/v2\/media?parent=2134"}],"wp:term":[{"taxonomy":"product_cat","embeddable":true,"href":"https:\/\/dispill.com\/fr\/wp-json\/wp\/v2\/product_cat?post=2134"},{"taxonomy":"product_tag","embeddable":true,"href":"https:\/\/dispill.com\/fr\/wp-json\/wp\/v2\/product_tag?post=2134"}],"curies":[{"name":"wp","href":"https:\/\/api.w.org\/{rel}","templated":true}]}}