{"id":2132,"date":"2018-06-06T16:00:17","date_gmt":"2018-06-06T16:00:17","guid":{"rendered":"https:\/\/godispill.com\/product\/930-chariot-medical\/"},"modified":"2018-12-18T19:17:43","modified_gmt":"2018-12-18T19:17:43","slug":"930-chariot-medical","status":"publish","type":"product","link":"https:\/\/dispill.com\/fr\/produit\/930-chariot-medical\/","title":{"rendered":"#930 \/ Chariot m\u00e9dical"},"content":{"rendered":"<p><strong>#930 \/ Chariot m\u00e9dical<\/strong><br \/>\nMod\u00e8le professionnel verrouill\u00e9<br \/>\nPour le rangement et la distribution<br \/>\ndes piluliers<br \/>\nAvec tiroirs, s\u00e9parateurs amovibles<br \/>\net supports DISPILL<br \/>\nSur roulettes<br \/>\nInformation compl\u00e9mentaire et devis sur demande.<br \/>\nPhoto \u00e0 titre indicatif.<\/p>\n","protected":false},"excerpt":{"rendered":"<p>#930 \/ Chariot m\u00e9dical Mod\u00e8le professionnel verrouill\u00e9 Pour le rangement et la distribution des piluliers Avec tiroirs, s\u00e9parateurs amovibles et supports DISPILL Sur roulettes Information compl\u00e9mentaire et devis sur demande. Photo \u00e0 titre indicatif.<\/p>\n","protected":false},"featured_media":6611,"template":"","meta":[],"product_cat":[127],"product_tag":[],"yoast_head":"<!-- This site is optimized with the Yoast SEO plugin v22.8 - https:\/\/yoast.com\/wordpress\/plugins\/seo\/ -->\n<title>#930 \/ Chariot m\u00e9dical - Dispill<\/title>\n<meta name=\"robots\" content=\"index, follow, max-snippet:-1, max-image-preview:large, max-video-preview:-1\" \/>\n<link rel=\"canonical\" href=\"https:\/\/dispill.com\/fr\/produit\/930-chariot-medical\/\" \/>\n<meta property=\"og:locale\" content=\"fr_FR\" \/>\n<meta property=\"og:type\" content=\"article\" \/>\n<meta property=\"og:title\" content=\"#930 \/ Chariot m\u00e9dical - Dispill\" \/>\n<meta property=\"og:description\" content=\"#930 \/ Chariot m\u00e9dical Mod\u00e8le professionnel verrouill\u00e9 Pour le rangement et la distribution des piluliers Avec tiroirs, s\u00e9parateurs amovibles et supports DISPILL Sur roulettes Information compl\u00e9mentaire et devis sur demande. Photo \u00e0 titre indicatif.\" \/>\n<meta property=\"og:url\" content=\"https:\/\/dispill.com\/fr\/produit\/930-chariot-medical\/\" \/>\n<meta property=\"og:site_name\" content=\"Dispill\" \/>\n<meta property=\"article:modified_time\" content=\"2018-12-18T19:17:43+00:00\" \/>\n<meta property=\"og:image\" content=\"https:\/\/dispill.com\/wp-content\/uploads\/2017\/10\/chariot_medical.jpg\" \/>\n\t<meta property=\"og:image:width\" content=\"500\" \/>\n\t<meta property=\"og:image:height\" content=\"500\" \/>\n\t<meta property=\"og:image:type\" content=\"image\/jpeg\" \/>\n<meta name=\"twitter:card\" content=\"summary_large_image\" \/>\n<script type=\"application\/ld+json\" class=\"yoast-schema-graph\">{\"@context\":\"https:\/\/schema.org\",\"@graph\":[{\"@type\":\"WebPage\",\"@id\":\"https:\/\/dispill.com\/fr\/produit\/930-chariot-medical\/\",\"url\":\"https:\/\/dispill.com\/fr\/produit\/930-chariot-medical\/\",\"name\":\"#930 \/ Chariot m\u00e9dical - Dispill\",\"isPartOf\":{\"@id\":\"https:\/\/dispill.com\/#website\"},\"primaryImageOfPage\":{\"@id\":\"https:\/\/dispill.com\/fr\/produit\/930-chariot-medical\/#primaryimage\"},\"image\":{\"@id\":\"https:\/\/dispill.com\/fr\/produit\/930-chariot-medical\/#primaryimage\"},\"thumbnailUrl\":\"https:\/\/dispill.com\/wp-content\/uploads\/2018\/06\/Chariot_Avalo_DP_Multidose_L_Right_Accessories.png\",\"datePublished\":\"2018-06-06T16:00:17+00:00\",\"dateModified\":\"2018-12-18T19:17:43+00:00\",\"breadcrumb\":{\"@id\":\"https:\/\/dispill.com\/fr\/produit\/930-chariot-medical\/#breadcrumb\"},\"inLanguage\":\"fr-FR\",\"potentialAction\":[{\"@type\":\"ReadAction\",\"target\":[\"https:\/\/dispill.com\/fr\/produit\/930-chariot-medical\/\"]}]},{\"@type\":\"ImageObject\",\"inLanguage\":\"fr-FR\",\"@id\":\"https:\/\/dispill.com\/fr\/produit\/930-chariot-medical\/#primaryimage\",\"url\":\"https:\/\/dispill.com\/wp-content\/uploads\/2018\/06\/Chariot_Avalo_DP_Multidose_L_Right_Accessories.png\",\"contentUrl\":\"https:\/\/dispill.com\/wp-content\/uploads\/2018\/06\/Chariot_Avalo_DP_Multidose_L_Right_Accessories.png\",\"width\":800,\"height\":791,\"caption\":\"Chariot_Avalo_DP_Multidose_L_Right_Accessories\"},{\"@type\":\"BreadcrumbList\",\"@id\":\"https:\/\/dispill.com\/fr\/produit\/930-chariot-medical\/#breadcrumb\",\"itemListElement\":[{\"@type\":\"ListItem\",\"position\":1,\"name\":\"Home\",\"item\":\"https:\/\/dispill.com\/fr\/\"},{\"@type\":\"ListItem\",\"position\":2,\"name\":\"Boutique\",\"item\":\"https:\/\/dispill.com\/fr\/boutique-3\/\"},{\"@type\":\"ListItem\",\"position\":3,\"name\":\"#930 \/ Chariot m\u00e9dical\"}]},{\"@type\":\"WebSite\",\"@id\":\"https:\/\/dispill.com\/#website\",\"url\":\"https:\/\/dispill.com\/\",\"name\":\"Dispill\",\"description\":\"Dispill\",\"potentialAction\":[{\"@type\":\"SearchAction\",\"target\":{\"@type\":\"EntryPoint\",\"urlTemplate\":\"https:\/\/dispill.com\/?s={search_term_string}\"},\"query-input\":\"required name=search_term_string\"}],\"inLanguage\":\"fr-FR\"}]}<\/script>\n<!-- \/ Yoast SEO plugin. -->","yoast_head_json":{"title":"#930 \/ Chariot m\u00e9dical - Dispill","robots":{"index":"index","follow":"follow","max-snippet":"max-snippet:-1","max-image-preview":"max-image-preview:large","max-video-preview":"max-video-preview:-1"},"canonical":"https:\/\/dispill.com\/fr\/produit\/930-chariot-medical\/","og_locale":"fr_FR","og_type":"article","og_title":"#930 \/ Chariot m\u00e9dical - Dispill","og_description":"#930 \/ Chariot m\u00e9dical Mod\u00e8le professionnel verrouill\u00e9 Pour le rangement et la distribution des piluliers Avec tiroirs, s\u00e9parateurs amovibles et supports DISPILL Sur roulettes Information compl\u00e9mentaire et devis sur demande. Photo \u00e0 titre indicatif.","og_url":"https:\/\/dispill.com\/fr\/produit\/930-chariot-medical\/","og_site_name":"Dispill","article_modified_time":"2018-12-18T19:17:43+00:00","og_image":[{"width":500,"height":500,"url":"https:\/\/dispill.com\/wp-content\/uploads\/2017\/10\/chariot_medical.jpg","type":"image\/jpeg"}],"twitter_card":"summary_large_image","schema":{"@context":"https:\/\/schema.org","@graph":[{"@type":"WebPage","@id":"https:\/\/dispill.com\/fr\/produit\/930-chariot-medical\/","url":"https:\/\/dispill.com\/fr\/produit\/930-chariot-medical\/","name":"#930 \/ Chariot m\u00e9dical - Dispill","isPartOf":{"@id":"https:\/\/dispill.com\/#website"},"primaryImageOfPage":{"@id":"https:\/\/dispill.com\/fr\/produit\/930-chariot-medical\/#primaryimage"},"image":{"@id":"https:\/\/dispill.com\/fr\/produit\/930-chariot-medical\/#primaryimage"},"thumbnailUrl":"https:\/\/dispill.com\/wp-content\/uploads\/2018\/06\/Chariot_Avalo_DP_Multidose_L_Right_Accessories.png","datePublished":"2018-06-06T16:00:17+00:00","dateModified":"2018-12-18T19:17:43+00:00","breadcrumb":{"@id":"https:\/\/dispill.com\/fr\/produit\/930-chariot-medical\/#breadcrumb"},"inLanguage":"fr-FR","potentialAction":[{"@type":"ReadAction","target":["https:\/\/dispill.com\/fr\/produit\/930-chariot-medical\/"]}]},{"@type":"ImageObject","inLanguage":"fr-FR","@id":"https:\/\/dispill.com\/fr\/produit\/930-chariot-medical\/#primaryimage","url":"https:\/\/dispill.com\/wp-content\/uploads\/2018\/06\/Chariot_Avalo_DP_Multidose_L_Right_Accessories.png","contentUrl":"https:\/\/dispill.com\/wp-content\/uploads\/2018\/06\/Chariot_Avalo_DP_Multidose_L_Right_Accessories.png","width":800,"height":791,"caption":"Chariot_Avalo_DP_Multidose_L_Right_Accessories"},{"@type":"BreadcrumbList","@id":"https:\/\/dispill.com\/fr\/produit\/930-chariot-medical\/#breadcrumb","itemListElement":[{"@type":"ListItem","position":1,"name":"Home","item":"https:\/\/dispill.com\/fr\/"},{"@type":"ListItem","position":2,"name":"Boutique","item":"https:\/\/dispill.com\/fr\/boutique-3\/"},{"@type":"ListItem","position":3,"name":"#930 \/ Chariot m\u00e9dical"}]},{"@type":"WebSite","@id":"https:\/\/dispill.com\/#website","url":"https:\/\/dispill.com\/","name":"Dispill","description":"Dispill","potentialAction":[{"@type":"SearchAction","target":{"@type":"EntryPoint","urlTemplate":"https:\/\/dispill.com\/?s={search_term_string}"},"query-input":"required name=search_term_string"}],"inLanguage":"fr-FR"}]}},"_links":{"self":[{"href":"https:\/\/dispill.com\/fr\/wp-json\/wp\/v2\/product\/2132"}],"collection":[{"href":"https:\/\/dispill.com\/fr\/wp-json\/wp\/v2\/product"}],"about":[{"href":"https:\/\/dispill.com\/fr\/wp-json\/wp\/v2\/types\/product"}],"wp:featuredmedia":[{"embeddable":true,"href":"https:\/\/dispill.com\/fr\/wp-json\/wp\/v2\/media\/6611"}],"wp:attachment":[{"href":"https:\/\/dispill.com\/fr\/wp-json\/wp\/v2\/media?parent=2132"}],"wp:term":[{"taxonomy":"product_cat","embeddable":true,"href":"https:\/\/dispill.com\/fr\/wp-json\/wp\/v2\/product_cat?post=2132"},{"taxonomy":"product_tag","embeddable":true,"href":"https:\/\/dispill.com\/fr\/wp-json\/wp\/v2\/product_tag?post=2132"}],"curies":[{"name":"wp","href":"https:\/\/api.w.org\/{rel}","templated":true}]}}