{"id":2110,"date":"2018-06-06T20:10:02","date_gmt":"2018-06-06T20:10:02","guid":{"rendered":"https:\/\/godispill.com\/product\/1-p-alveole-permanent-profond\/"},"modified":"2018-12-18T18:34:52","modified_gmt":"2018-12-18T18:34:52","slug":"1-p-alveole-permanent-profond","status":"publish","type":"product","link":"https:\/\/dispill.com\/fr\/produit\/1-p-alveole-permanent-profond\/","title":{"rendered":"#1-P \/ Alv\u00e9ole Permanent profond"},"content":{"rendered":"<p><strong>#1-P \/ Alv\u00e9ole Permanent profond<\/strong><\/p>\n<p>Carte alv\u00e9olaire permanente<br \/>\nClaire<br \/>\nPour \u00e9tiquette \u00e0 colle permanente<br \/>\n500 UN. \/ BTE<\/p>\n","protected":false},"excerpt":{"rendered":"<p>#1-P \/ Alv\u00e9ole Permanent profond Carte alv\u00e9olaire permanente Claire Pour \u00e9tiquette \u00e0 colle permanente 500 UN. \/ BTE<\/p>\n","protected":false},"featured_media":2163,"template":"","meta":[],"product_cat":[123],"product_tag":[],"yoast_head":"<!-- This site is optimized with the Yoast SEO plugin v22.8 - https:\/\/yoast.com\/wordpress\/plugins\/seo\/ -->\n<title>#1-P \/ Alv\u00e9ole Permanent profond - Dispill<\/title>\n<meta name=\"robots\" content=\"index, follow, max-snippet:-1, max-image-preview:large, max-video-preview:-1\" \/>\n<link rel=\"canonical\" href=\"https:\/\/dispill.com\/fr\/produit\/1-p-alveole-permanent-profond\/\" \/>\n<meta property=\"og:locale\" content=\"fr_FR\" \/>\n<meta property=\"og:type\" content=\"article\" \/>\n<meta property=\"og:title\" content=\"#1-P \/ Alv\u00e9ole Permanent profond - Dispill\" \/>\n<meta property=\"og:description\" content=\"#1-P \/ Alv\u00e9ole Permanent profond Carte alv\u00e9olaire permanente Claire Pour \u00e9tiquette \u00e0 colle permanente 500 UN. \/ BTE\" \/>\n<meta property=\"og:url\" content=\"https:\/\/dispill.com\/fr\/produit\/1-p-alveole-permanent-profond\/\" \/>\n<meta property=\"og:site_name\" content=\"Dispill\" \/>\n<meta property=\"article:modified_time\" content=\"2018-12-18T18:34:52+00:00\" \/>\n<meta property=\"og:image\" content=\"https:\/\/dispill.com\/wp-content\/uploads\/2018\/06\/1-P-Alveole-Permanent-profond.jpg\" \/>\n\t<meta property=\"og:image:width\" content=\"400\" \/>\n\t<meta property=\"og:image:height\" content=\"400\" \/>\n\t<meta property=\"og:image:type\" content=\"image\/jpeg\" \/>\n<meta name=\"twitter:card\" content=\"summary_large_image\" \/>\n<script type=\"application\/ld+json\" class=\"yoast-schema-graph\">{\"@context\":\"https:\/\/schema.org\",\"@graph\":[{\"@type\":\"WebPage\",\"@id\":\"https:\/\/dispill.com\/fr\/produit\/1-p-alveole-permanent-profond\/\",\"url\":\"https:\/\/dispill.com\/fr\/produit\/1-p-alveole-permanent-profond\/\",\"name\":\"#1-P \/ Alv\u00e9ole Permanent profond - Dispill\",\"isPartOf\":{\"@id\":\"https:\/\/dispill.com\/#website\"},\"primaryImageOfPage\":{\"@id\":\"https:\/\/dispill.com\/fr\/produit\/1-p-alveole-permanent-profond\/#primaryimage\"},\"image\":{\"@id\":\"https:\/\/dispill.com\/fr\/produit\/1-p-alveole-permanent-profond\/#primaryimage\"},\"thumbnailUrl\":\"https:\/\/dispill.com\/wp-content\/uploads\/2018\/06\/1-P-Alveole-Permanent-profond.jpg\",\"datePublished\":\"2018-06-06T20:10:02+00:00\",\"dateModified\":\"2018-12-18T18:34:52+00:00\",\"breadcrumb\":{\"@id\":\"https:\/\/dispill.com\/fr\/produit\/1-p-alveole-permanent-profond\/#breadcrumb\"},\"inLanguage\":\"fr-FR\",\"potentialAction\":[{\"@type\":\"ReadAction\",\"target\":[\"https:\/\/dispill.com\/fr\/produit\/1-p-alveole-permanent-profond\/\"]}]},{\"@type\":\"ImageObject\",\"inLanguage\":\"fr-FR\",\"@id\":\"https:\/\/dispill.com\/fr\/produit\/1-p-alveole-permanent-profond\/#primaryimage\",\"url\":\"https:\/\/dispill.com\/wp-content\/uploads\/2018\/06\/1-P-Alveole-Permanent-profond.jpg\",\"contentUrl\":\"https:\/\/dispill.com\/wp-content\/uploads\/2018\/06\/1-P-Alveole-Permanent-profond.jpg\",\"width\":400,\"height\":400},{\"@type\":\"BreadcrumbList\",\"@id\":\"https:\/\/dispill.com\/fr\/produit\/1-p-alveole-permanent-profond\/#breadcrumb\",\"itemListElement\":[{\"@type\":\"ListItem\",\"position\":1,\"name\":\"Home\",\"item\":\"https:\/\/dispill.com\/fr\/\"},{\"@type\":\"ListItem\",\"position\":2,\"name\":\"Boutique\",\"item\":\"https:\/\/dispill.com\/fr\/boutique-3\/\"},{\"@type\":\"ListItem\",\"position\":3,\"name\":\"#1-P \/ Alv\u00e9ole Permanent profond\"}]},{\"@type\":\"WebSite\",\"@id\":\"https:\/\/dispill.com\/#website\",\"url\":\"https:\/\/dispill.com\/\",\"name\":\"Dispill\",\"description\":\"Dispill\",\"potentialAction\":[{\"@type\":\"SearchAction\",\"target\":{\"@type\":\"EntryPoint\",\"urlTemplate\":\"https:\/\/dispill.com\/?s={search_term_string}\"},\"query-input\":\"required name=search_term_string\"}],\"inLanguage\":\"fr-FR\"}]}<\/script>\n<!-- \/ Yoast SEO plugin. -->","yoast_head_json":{"title":"#1-P \/ Alv\u00e9ole Permanent profond - Dispill","robots":{"index":"index","follow":"follow","max-snippet":"max-snippet:-1","max-image-preview":"max-image-preview:large","max-video-preview":"max-video-preview:-1"},"canonical":"https:\/\/dispill.com\/fr\/produit\/1-p-alveole-permanent-profond\/","og_locale":"fr_FR","og_type":"article","og_title":"#1-P \/ Alv\u00e9ole Permanent profond - Dispill","og_description":"#1-P \/ Alv\u00e9ole Permanent profond Carte alv\u00e9olaire permanente Claire Pour \u00e9tiquette \u00e0 colle permanente 500 UN. \/ BTE","og_url":"https:\/\/dispill.com\/fr\/produit\/1-p-alveole-permanent-profond\/","og_site_name":"Dispill","article_modified_time":"2018-12-18T18:34:52+00:00","og_image":[{"width":400,"height":400,"url":"https:\/\/dispill.com\/wp-content\/uploads\/2018\/06\/1-P-Alveole-Permanent-profond.jpg","type":"image\/jpeg"}],"twitter_card":"summary_large_image","schema":{"@context":"https:\/\/schema.org","@graph":[{"@type":"WebPage","@id":"https:\/\/dispill.com\/fr\/produit\/1-p-alveole-permanent-profond\/","url":"https:\/\/dispill.com\/fr\/produit\/1-p-alveole-permanent-profond\/","name":"#1-P \/ Alv\u00e9ole Permanent profond - Dispill","isPartOf":{"@id":"https:\/\/dispill.com\/#website"},"primaryImageOfPage":{"@id":"https:\/\/dispill.com\/fr\/produit\/1-p-alveole-permanent-profond\/#primaryimage"},"image":{"@id":"https:\/\/dispill.com\/fr\/produit\/1-p-alveole-permanent-profond\/#primaryimage"},"thumbnailUrl":"https:\/\/dispill.com\/wp-content\/uploads\/2018\/06\/1-P-Alveole-Permanent-profond.jpg","datePublished":"2018-06-06T20:10:02+00:00","dateModified":"2018-12-18T18:34:52+00:00","breadcrumb":{"@id":"https:\/\/dispill.com\/fr\/produit\/1-p-alveole-permanent-profond\/#breadcrumb"},"inLanguage":"fr-FR","potentialAction":[{"@type":"ReadAction","target":["https:\/\/dispill.com\/fr\/produit\/1-p-alveole-permanent-profond\/"]}]},{"@type":"ImageObject","inLanguage":"fr-FR","@id":"https:\/\/dispill.com\/fr\/produit\/1-p-alveole-permanent-profond\/#primaryimage","url":"https:\/\/dispill.com\/wp-content\/uploads\/2018\/06\/1-P-Alveole-Permanent-profond.jpg","contentUrl":"https:\/\/dispill.com\/wp-content\/uploads\/2018\/06\/1-P-Alveole-Permanent-profond.jpg","width":400,"height":400},{"@type":"BreadcrumbList","@id":"https:\/\/dispill.com\/fr\/produit\/1-p-alveole-permanent-profond\/#breadcrumb","itemListElement":[{"@type":"ListItem","position":1,"name":"Home","item":"https:\/\/dispill.com\/fr\/"},{"@type":"ListItem","position":2,"name":"Boutique","item":"https:\/\/dispill.com\/fr\/boutique-3\/"},{"@type":"ListItem","position":3,"name":"#1-P \/ Alv\u00e9ole Permanent profond"}]},{"@type":"WebSite","@id":"https:\/\/dispill.com\/#website","url":"https:\/\/dispill.com\/","name":"Dispill","description":"Dispill","potentialAction":[{"@type":"SearchAction","target":{"@type":"EntryPoint","urlTemplate":"https:\/\/dispill.com\/?s={search_term_string}"},"query-input":"required name=search_term_string"}],"inLanguage":"fr-FR"}]}},"_links":{"self":[{"href":"https:\/\/dispill.com\/fr\/wp-json\/wp\/v2\/product\/2110"}],"collection":[{"href":"https:\/\/dispill.com\/fr\/wp-json\/wp\/v2\/product"}],"about":[{"href":"https:\/\/dispill.com\/fr\/wp-json\/wp\/v2\/types\/product"}],"wp:featuredmedia":[{"embeddable":true,"href":"https:\/\/dispill.com\/fr\/wp-json\/wp\/v2\/media\/2163"}],"wp:attachment":[{"href":"https:\/\/dispill.com\/fr\/wp-json\/wp\/v2\/media?parent=2110"}],"wp:term":[{"taxonomy":"product_cat","embeddable":true,"href":"https:\/\/dispill.com\/fr\/wp-json\/wp\/v2\/product_cat?post=2110"},{"taxonomy":"product_tag","embeddable":true,"href":"https:\/\/dispill.com\/fr\/wp-json\/wp\/v2\/product_tag?post=2110"}],"curies":[{"name":"wp","href":"https:\/\/api.w.org\/{rel}","templated":true}]}}