{"id":2089,"date":"2018-06-07T19:48:23","date_gmt":"2018-06-07T19:48:23","guid":{"rendered":"https:\/\/godispill.com\/product\/680-plateau-de-montage-unidose\/"},"modified":"2021-01-27T19:33:34","modified_gmt":"2021-01-27T19:33:34","slug":"680-plateau-de-montage-unidose","status":"publish","type":"product","link":"https:\/\/dispill.com\/fr\/produit\/680-plateau-de-montage-unidose\/","title":{"rendered":"#680 \/ Plateau de montage Unidose"},"content":{"rendered":"<p><strong>#680 \/ Plateau de montage Unidose<\/strong><br \/>\nS&rsquo;adapte aux cartes alv\u00e9olaires DISPILL Unidose<br \/>\n30\/31\/32 jours.<br \/>\nEn li\u00e8ge r\u00e9sistant, pour scellement \u00e0 froid seulement.<\/p>\n","protected":false},"excerpt":{"rendered":"<p>#680 \/ Plateau de montage Unidose S&rsquo;adapte aux cartes alv\u00e9olaires DISPILL Unidose 30\/31\/32 jours. En li\u00e8ge r\u00e9sistant, pour scellement \u00e0 froid seulement.<\/p>\n","protected":false},"featured_media":2142,"template":"","meta":[],"product_cat":[125],"product_tag":[],"yoast_head":"<!-- This site is optimized with the Yoast SEO plugin v22.8 - https:\/\/yoast.com\/wordpress\/plugins\/seo\/ -->\n<title>#680 \/ Plateau de montage Unidose - Dispill<\/title>\n<meta name=\"robots\" content=\"index, follow, max-snippet:-1, max-image-preview:large, max-video-preview:-1\" \/>\n<link rel=\"canonical\" href=\"https:\/\/dispill.com\/fr\/produit\/680-plateau-de-montage-unidose\/\" \/>\n<meta property=\"og:locale\" content=\"fr_FR\" \/>\n<meta property=\"og:type\" content=\"article\" \/>\n<meta property=\"og:title\" content=\"#680 \/ Plateau de montage Unidose - Dispill\" \/>\n<meta property=\"og:description\" content=\"#680 \/ Plateau de montage Unidose S&rsquo;adapte aux cartes alv\u00e9olaires DISPILL Unidose 30\/31\/32 jours. En li\u00e8ge r\u00e9sistant, pour scellement \u00e0 froid seulement.\" \/>\n<meta property=\"og:url\" content=\"https:\/\/dispill.com\/fr\/produit\/680-plateau-de-montage-unidose\/\" \/>\n<meta property=\"og:site_name\" content=\"Dispill\" \/>\n<meta property=\"article:modified_time\" content=\"2021-01-27T19:33:34+00:00\" \/>\n<meta property=\"og:image\" content=\"https:\/\/dispill.com\/wp-content\/uploads\/2018\/06\/680-plateau-de-montage-Unidose.jpg\" \/>\n\t<meta property=\"og:image:width\" content=\"500\" \/>\n\t<meta property=\"og:image:height\" content=\"500\" \/>\n\t<meta property=\"og:image:type\" content=\"image\/jpeg\" \/>\n<meta name=\"twitter:card\" content=\"summary_large_image\" \/>\n<script type=\"application\/ld+json\" class=\"yoast-schema-graph\">{\"@context\":\"https:\/\/schema.org\",\"@graph\":[{\"@type\":\"WebPage\",\"@id\":\"https:\/\/dispill.com\/fr\/produit\/680-plateau-de-montage-unidose\/\",\"url\":\"https:\/\/dispill.com\/fr\/produit\/680-plateau-de-montage-unidose\/\",\"name\":\"#680 \/ Plateau de montage Unidose - Dispill\",\"isPartOf\":{\"@id\":\"https:\/\/dispill.com\/#website\"},\"primaryImageOfPage\":{\"@id\":\"https:\/\/dispill.com\/fr\/produit\/680-plateau-de-montage-unidose\/#primaryimage\"},\"image\":{\"@id\":\"https:\/\/dispill.com\/fr\/produit\/680-plateau-de-montage-unidose\/#primaryimage\"},\"thumbnailUrl\":\"https:\/\/dispill.com\/wp-content\/uploads\/2018\/06\/680-plateau-de-montage-Unidose.jpg\",\"datePublished\":\"2018-06-07T19:48:23+00:00\",\"dateModified\":\"2021-01-27T19:33:34+00:00\",\"breadcrumb\":{\"@id\":\"https:\/\/dispill.com\/fr\/produit\/680-plateau-de-montage-unidose\/#breadcrumb\"},\"inLanguage\":\"fr-FR\",\"potentialAction\":[{\"@type\":\"ReadAction\",\"target\":[\"https:\/\/dispill.com\/fr\/produit\/680-plateau-de-montage-unidose\/\"]}]},{\"@type\":\"ImageObject\",\"inLanguage\":\"fr-FR\",\"@id\":\"https:\/\/dispill.com\/fr\/produit\/680-plateau-de-montage-unidose\/#primaryimage\",\"url\":\"https:\/\/dispill.com\/wp-content\/uploads\/2018\/06\/680-plateau-de-montage-Unidose.jpg\",\"contentUrl\":\"https:\/\/dispill.com\/wp-content\/uploads\/2018\/06\/680-plateau-de-montage-Unidose.jpg\",\"width\":500,\"height\":500},{\"@type\":\"BreadcrumbList\",\"@id\":\"https:\/\/dispill.com\/fr\/produit\/680-plateau-de-montage-unidose\/#breadcrumb\",\"itemListElement\":[{\"@type\":\"ListItem\",\"position\":1,\"name\":\"Home\",\"item\":\"https:\/\/dispill.com\/fr\/\"},{\"@type\":\"ListItem\",\"position\":2,\"name\":\"Boutique\",\"item\":\"https:\/\/dispill.com\/fr\/boutique-3\/\"},{\"@type\":\"ListItem\",\"position\":3,\"name\":\"#680 \/ Plateau de montage Unidose\"}]},{\"@type\":\"WebSite\",\"@id\":\"https:\/\/dispill.com\/#website\",\"url\":\"https:\/\/dispill.com\/\",\"name\":\"Dispill\",\"description\":\"Dispill\",\"potentialAction\":[{\"@type\":\"SearchAction\",\"target\":{\"@type\":\"EntryPoint\",\"urlTemplate\":\"https:\/\/dispill.com\/?s={search_term_string}\"},\"query-input\":\"required name=search_term_string\"}],\"inLanguage\":\"fr-FR\"}]}<\/script>\n<!-- \/ Yoast SEO plugin. -->","yoast_head_json":{"title":"#680 \/ Plateau de montage Unidose - Dispill","robots":{"index":"index","follow":"follow","max-snippet":"max-snippet:-1","max-image-preview":"max-image-preview:large","max-video-preview":"max-video-preview:-1"},"canonical":"https:\/\/dispill.com\/fr\/produit\/680-plateau-de-montage-unidose\/","og_locale":"fr_FR","og_type":"article","og_title":"#680 \/ Plateau de montage Unidose - Dispill","og_description":"#680 \/ Plateau de montage Unidose S&rsquo;adapte aux cartes alv\u00e9olaires DISPILL Unidose 30\/31\/32 jours. En li\u00e8ge r\u00e9sistant, pour scellement \u00e0 froid seulement.","og_url":"https:\/\/dispill.com\/fr\/produit\/680-plateau-de-montage-unidose\/","og_site_name":"Dispill","article_modified_time":"2021-01-27T19:33:34+00:00","og_image":[{"width":500,"height":500,"url":"https:\/\/dispill.com\/wp-content\/uploads\/2018\/06\/680-plateau-de-montage-Unidose.jpg","type":"image\/jpeg"}],"twitter_card":"summary_large_image","schema":{"@context":"https:\/\/schema.org","@graph":[{"@type":"WebPage","@id":"https:\/\/dispill.com\/fr\/produit\/680-plateau-de-montage-unidose\/","url":"https:\/\/dispill.com\/fr\/produit\/680-plateau-de-montage-unidose\/","name":"#680 \/ Plateau de montage Unidose - Dispill","isPartOf":{"@id":"https:\/\/dispill.com\/#website"},"primaryImageOfPage":{"@id":"https:\/\/dispill.com\/fr\/produit\/680-plateau-de-montage-unidose\/#primaryimage"},"image":{"@id":"https:\/\/dispill.com\/fr\/produit\/680-plateau-de-montage-unidose\/#primaryimage"},"thumbnailUrl":"https:\/\/dispill.com\/wp-content\/uploads\/2018\/06\/680-plateau-de-montage-Unidose.jpg","datePublished":"2018-06-07T19:48:23+00:00","dateModified":"2021-01-27T19:33:34+00:00","breadcrumb":{"@id":"https:\/\/dispill.com\/fr\/produit\/680-plateau-de-montage-unidose\/#breadcrumb"},"inLanguage":"fr-FR","potentialAction":[{"@type":"ReadAction","target":["https:\/\/dispill.com\/fr\/produit\/680-plateau-de-montage-unidose\/"]}]},{"@type":"ImageObject","inLanguage":"fr-FR","@id":"https:\/\/dispill.com\/fr\/produit\/680-plateau-de-montage-unidose\/#primaryimage","url":"https:\/\/dispill.com\/wp-content\/uploads\/2018\/06\/680-plateau-de-montage-Unidose.jpg","contentUrl":"https:\/\/dispill.com\/wp-content\/uploads\/2018\/06\/680-plateau-de-montage-Unidose.jpg","width":500,"height":500},{"@type":"BreadcrumbList","@id":"https:\/\/dispill.com\/fr\/produit\/680-plateau-de-montage-unidose\/#breadcrumb","itemListElement":[{"@type":"ListItem","position":1,"name":"Home","item":"https:\/\/dispill.com\/fr\/"},{"@type":"ListItem","position":2,"name":"Boutique","item":"https:\/\/dispill.com\/fr\/boutique-3\/"},{"@type":"ListItem","position":3,"name":"#680 \/ Plateau de montage Unidose"}]},{"@type":"WebSite","@id":"https:\/\/dispill.com\/#website","url":"https:\/\/dispill.com\/","name":"Dispill","description":"Dispill","potentialAction":[{"@type":"SearchAction","target":{"@type":"EntryPoint","urlTemplate":"https:\/\/dispill.com\/?s={search_term_string}"},"query-input":"required name=search_term_string"}],"inLanguage":"fr-FR"}]}},"_links":{"self":[{"href":"https:\/\/dispill.com\/fr\/wp-json\/wp\/v2\/product\/2089"}],"collection":[{"href":"https:\/\/dispill.com\/fr\/wp-json\/wp\/v2\/product"}],"about":[{"href":"https:\/\/dispill.com\/fr\/wp-json\/wp\/v2\/types\/product"}],"wp:featuredmedia":[{"embeddable":true,"href":"https:\/\/dispill.com\/fr\/wp-json\/wp\/v2\/media\/2142"}],"wp:attachment":[{"href":"https:\/\/dispill.com\/fr\/wp-json\/wp\/v2\/media?parent=2089"}],"wp:term":[{"taxonomy":"product_cat","embeddable":true,"href":"https:\/\/dispill.com\/fr\/wp-json\/wp\/v2\/product_cat?post=2089"},{"taxonomy":"product_tag","embeddable":true,"href":"https:\/\/dispill.com\/fr\/wp-json\/wp\/v2\/product_tag?post=2089"}],"curies":[{"name":"wp","href":"https:\/\/api.w.org\/{rel}","templated":true}]}}