{"id":1573,"date":"2018-04-05T18:49:48","date_gmt":"2018-04-05T18:49:48","guid":{"rendered":"https:\/\/godispill.com\/?page_id=1573"},"modified":"2022-07-08T20:35:37","modified_gmt":"2022-07-08T20:35:37","slug":"accueil-2-2","status":"publish","type":"page","link":"https:\/\/dispill.com\/fr\/","title":{"rendered":"Accueil"},"content":{"rendered":"<p>[vc_row row_type=\u00a0\u00bbrow\u00a0\u00bb use_row_as_full_screen_section=\u00a0\u00bbno\u00a0\u00bb type=\u00a0\u00bbfull_width\u00a0\u00bb text_align=\u00a0\u00bbleft\u00a0\u00bb background_animation=\u00a0\u00bbnone\u00a0\u00bb css_animation=\u00a0\u00bb\u00a0\u00bb][vc_column][vc_empty_space height=\u00a0\u00bb100px\u00a0\u00bb][\/vc_column][\/vc_row][vc_row row_type=\u00a0\u00bbrow\u00a0\u00bb use_row_as_full_screen_section=\u00a0\u00bbno\u00a0\u00bb type=\u00a0\u00bbgrid\u00a0\u00bb text_align=\u00a0\u00bbleft\u00a0\u00bb background_animation=\u00a0\u00bbnone\u00a0\u00bb css_animation=\u00a0\u00bb\u00a0\u00bb][vc_column width=\u00a0\u00bb1\/2&Prime;][vc_column_text]<\/p>\n<h1>TOUT-EN-UN<\/h1>\n<h2>UN SEUL EMBALLAGE POUR TOUS LES M\u00c9DICAMENTS<\/h2>\n<p>Dispill simplifie la pr\u00e9paration, la distribution et la prise quotidienne des prescriptions.<\/p>\n<p>Les cartes alv\u00e9olaires de type calendrier assurent un suivi des prises des m\u00e9dicaments selon la dose prescrite et au bon moment de la journ\u00e9e: matin, midi, soir, coucher&#8230; durant 7 jours.[\/vc_column_text][\/vc_column][vc_column width=\u00a0\u00bb1\/2&Prime;][vc_single_image image=\u00a0\u00bb1438&Prime; img_size=\u00a0\u00bb800&#215;800&Prime; qode_css_animation=\u00a0\u00bb\u00a0\u00bb][vc_empty_space][\/vc_column][\/vc_row][vc_row row_type=\u00a0\u00bbrow\u00a0\u00bb use_row_as_full_screen_section=\u00a0\u00bbno\u00a0\u00bb type=\u00a0\u00bbgrid\u00a0\u00bb text_align=\u00a0\u00bbleft\u00a0\u00bb background_color=\u00a0\u00bb#11b4e4&Prime; background_animation=\u00a0\u00bbnone\u00a0\u00bb css_animation=\u00a0\u00bbelement_from_fade\u00a0\u00bb transition_delay=\u00a0\u00bb60&Prime; content_placement=\u00a0\u00bbmiddle\u00a0\u00bb css=\u00a0\u00bb.vc_custom_1509539481117{margin-top: 50px !important;margin-bottom: 50px !important;background-color: #262a68 !important;}\u00a0\u00bb][vc_column css=\u00a0\u00bb.vc_custom_1508947130889{background-color: #262a68 !important;}\u00a0\u00bb][vc_empty_space height=\u00a0\u00bb18px\u00a0\u00bb css=\u00a0\u00bb.vc_custom_1510093473535{background-color: #262a68 !important;}\u00a0\u00bb][vc_empty_space height=\u00a0\u00bb18px\u00a0\u00bb css=\u00a0\u00bb.vc_custom_1510093473535{background-color: #262a68 !important;}\u00a0\u00bb][vc_row_inner row_type=\u00a0\u00bbrow\u00a0\u00bb type=\u00a0\u00bbgrid\u00a0\u00bb use_row_as_full_screen_section_slide=\u00a0\u00bbno\u00a0\u00bb text_align=\u00a0\u00bbleft\u00a0\u00bb background_color=\u00a0\u00bb#262a68&Prime; css_animation=\u00a0\u00bbelement_from_fade\u00a0\u00bb transition_delay=\u00a0\u00bb30&Prime;][vc_column_inner width=\u00a0\u00bb1\/2&Prime; css=\u00a0\u00bb.vc_custom_1508947395415{background-color: #262a68 !important;}\u00a0\u00bb][vc_single_image image=\u00a0\u00bb1713&Prime; img_size=\u00a0\u00bblarge\u00a0\u00bb onclick=\u00a0\u00bbcustom_link\u00a0\u00bb qode_css_animation=\u00a0\u00bb\u00a0\u00bb link=\u00a0\u00bbhttps:\/\/dispill.com\/fr\/methodes\u00a0\u00bb][\/vc_column_inner][vc_column_inner width=\u00a0\u00bb1\/2&Prime; css=\u00a0\u00bb.vc_custom_1508947405307{background-color: #262a68 !important;}\u00a0\u00bb][vc_column_text]<\/p>\n<h1 style=\"text-align: left;\"><span style=\"color: #ffffff;\">VISIONNEZ TOUTES NOS VID\u00c9OS<br \/>\n<\/span><\/h1>\n<p>[\/vc_column_text][vc_column_text]<\/p>\n<p style=\"margin-bottom: 10px;\"><span style=\"color: #ffffff;\">Dispill propose une solution globale pour d\u00e9velopper l&rsquo;autonomie et l&rsquo;observance au traitement des patients et contribuer au succ\u00e8s th\u00e9rapeutique.<\/span><\/p>\n<p style=\"margin-bottom: 10px;\"><span style=\"color: #ffffff;\">\u00a0<\/span><\/p>\n<p>[\/vc_column_text]<a href=\"https:\/\/dispill.com\/fr\/methode\/\" target=\"_self\" data-hover-color=#ffffff class=\"qbutton \" style=\"color: #262a68; background-color: #11b4e5;\">VISIONNEZ TOUTES NOS VID\u00c9OS<\/a>[vc_empty_space height=\u00a0\u00bb100px\u00a0\u00bb css=\u00a0\u00bb.vc_custom_1508947540180{background-color: #262a68 !important;}\u00a0\u00bb][\/vc_column_inner][\/vc_row_inner][\/vc_column][\/vc_row][vc_row row_type=\u00a0\u00bbrow\u00a0\u00bb use_row_as_full_screen_section=\u00a0\u00bbno\u00a0\u00bb type=\u00a0\u00bbfull_width\u00a0\u00bb text_align=\u00a0\u00bbleft\u00a0\u00bb background_animation=\u00a0\u00bbnone\u00a0\u00bb css_animation=\u00a0\u00bbelement_from_top\u00a0\u00bb transition_delay=\u00a0\u00bb60&Prime; css=\u00a0\u00bb.vc_custom_1509539496035{padding-top: 15px !important;padding-bottom: 15px !important;background-color: #ffffff !important;}\u00a0\u00bb][vc_column][vc_column_text css=\u00a0\u00bb.vc_custom_1524080209498{margin-top: 20px !important;margin-bottom: 20px !important;}\u00a0\u00bb]<\/p>\n<h1 style=\"text-align: center;\">S\u00c9LECTION DE PRODUITS<\/h1>\n<p>[\/vc_column_text][\/vc_column][\/vc_row][vc_row row_type=\u00a0\u00bbrow\u00a0\u00bb use_row_as_full_screen_section=\u00a0\u00bbno\u00a0\u00bb type=\u00a0\u00bbgrid\u00a0\u00bb text_align=\u00a0\u00bbleft\u00a0\u00bb background_animation=\u00a0\u00bbnone\u00a0\u00bb css_animation=\u00a0\u00bbelement_from_fade\u00a0\u00bb transition_delay=\u00a0\u00bb60&Prime; css=\u00a0\u00bb.vc_custom_1509539510887{background-color: #ffffff !important;}\u00a0\u00bb][vc_column width=\u00a0\u00bb1\/6&Prime;]<div class='image_hover ' style='' data-transition-delay=''><div class='images_holder'><a href='https:\/\/dispill.com\/fr\/nos-produits\/#hybride' target='_self'><img class='active_image ' src='https:\/\/dispill.com\/wp-content\/uploads\/2020\/09\/solution_hybride-300x300-1.jpg' alt='' style='' \/><img class='hover_image' src='https:\/\/dispill.com\/wp-content\/uploads\/2020\/09\/solution_hybride-300x300-2.jpg' alt='' style='' \/><\/a><\/div><\/div>[\/vc_column][vc_column width=\u00a0\u00bb1\/6&Prime;]<div class='image_hover ' style='' data-transition-delay=''><div class='images_holder'><a href='https:\/\/dispill.com\/fr\/nos-produits\/#permanente' target='_self'><img class='active_image ' src='https:\/\/dispill.com\/wp-content\/uploads\/2020\/09\/solution_permanente-300x300-1.jpg' alt='' style='' \/><img class='hover_image' src='https:\/\/dispill.com\/wp-content\/uploads\/2020\/09\/solution_permanente-300x300-2.jpg' alt='' style='' \/><\/a><\/div><\/div>[\/vc_column][vc_column width=\u00a0\u00bb1\/6&Prime;]<div class='image_hover ' style='' data-transition-delay=''><div class='images_holder'><a href='https:\/\/dispill.com\/fr\/nos-produits\/#amovible' target='_self'><img class='active_image ' src='https:\/\/dispill.com\/wp-content\/uploads\/2020\/09\/solution_amovible-300x300-1.jpg' alt='' style='' \/><img class='hover_image' src='https:\/\/dispill.com\/wp-content\/uploads\/2020\/09\/solution_amovible-300x300-2.jpg' alt='' style='' \/><\/a><\/div><\/div>[\/vc_column][vc_column width=\u00a0\u00bb1\/6&Prime;]<div class='image_hover ' style='' data-transition-delay=''><div class='images_holder'><a href='https:\/\/dispill.com\/fr\/nos-produits\/#hypso' target='_self'><img class='active_image ' src='https:\/\/dispill.com\/wp-content\/uploads\/2020\/09\/solution_hypso-300x300-1.jpg' alt='' style='' \/><img class='hover_image' src='https:\/\/dispill.com\/wp-content\/uploads\/2020\/09\/solution_hypso-300x300-2.jpg' alt='' style='' \/><\/a><\/div><\/div>[\/vc_column][vc_column width=\u00a0\u00bb1\/6&Prime;]<div class='image_hover ' style='' data-transition-delay=''><div class='images_holder'><a href='https:\/\/dispill.com\/fr\/nos-produits\/#specialites' target='_self'><img class='active_image ' src='https:\/\/dispill.com\/wp-content\/uploads\/2020\/09\/solution_specialites-300x300-1.jpg' alt='' style='' \/><img class='hover_image' src='https:\/\/dispill.com\/wp-content\/uploads\/2020\/09\/solution_specialites-300x300-2.jpg' alt='' style='' \/><\/a><\/div><\/div>[\/vc_column][vc_column width=\u00a0\u00bb1\/6&Prime;]<div class='image_hover ' style='' data-transition-delay=''><div class='images_holder'><a href='https:\/\/dispill.com\/fr\/nos-produits\/#unidose' target='_self'><img class='active_image ' src='https:\/\/dispill.com\/wp-content\/uploads\/2020\/09\/solution_unidose-300x300-1.jpg' alt='' style='' \/><img class='hover_image' src='https:\/\/dispill.com\/wp-content\/uploads\/2020\/09\/solution_unidose-300x300-2.jpg' alt='' style='' \/><\/a><\/div><\/div>[vc_empty_space height=\u00a0\u00bb50Px\u00a0\u00bb][\/vc_column][\/vc_row][vc_row row_type=\u00a0\u00bbrow\u00a0\u00bb use_row_as_full_screen_section=\u00a0\u00bbno\u00a0\u00bb type=\u00a0\u00bbgrid\u00a0\u00bb text_align=\u00a0\u00bbleft\u00a0\u00bb background_color=\u00a0\u00bb#27cdf7&Prime; background_animation=\u00a0\u00bbnone\u00a0\u00bb css_animation=\u00a0\u00bbelement_from_fade\u00a0\u00bb transition_delay=\u00a0\u00bb60&Prime; content_placement=\u00a0\u00bbmiddle\u00a0\u00bb css=\u00a0\u00bb.vc_custom_1509539520969{margin-top: 50px !important;margin-bottom: 50px !important;}\u00a0\u00bb][vc_column width=\u00a0\u00bb1\/2&Prime;][vc_empty_space][vc_single_image image=\u00a0\u00bb986&Prime; img_size=\u00a0\u00bb500X400&Prime; qode_css_animation=\u00a0\u00bb\u00a0\u00bb][vc_empty_space height=\u00a0\u00bb10px\u00a0\u00bb][\/vc_column][vc_column width=\u00a0\u00bb1\/2&Prime;][vc_empty_space][vc_column_text]<\/p>\n<h1>DEMANDEZ VOTRE TROUSSE DE D\u00c9PART<\/h1>\n<p>[\/vc_column_text][vc_empty_space][\/vc_column][\/vc_row][vc_row row_type=\u00a0\u00bbrow\u00a0\u00bb use_row_as_full_screen_section=\u00a0\u00bbno\u00a0\u00bb type=\u00a0\u00bbfull_width\u00a0\u00bb text_align=\u00a0\u00bbleft\u00a0\u00bb background_animation=\u00a0\u00bbnone\u00a0\u00bb css_animation=\u00a0\u00bbelement_from_fade\u00a0\u00bb transition_delay=\u00a0\u00bb60&Prime;][vc_column][vc_column_text]<\/p>\n<h1 style=\"text-align: center;\">CARACT\u00c9RISTIQUES UNIQUES DE DISPILL<\/h1>\n<p>[\/vc_column_text][vc_empty_space height=\u00a0\u00bb15px\u00a0\u00bb][\/vc_column][\/vc_row][vc_row row_type=\u00a0\u00bbrow\u00a0\u00bb use_row_as_full_screen_section=\u00a0\u00bbno\u00a0\u00bb type=\u00a0\u00bbfull_width\u00a0\u00bb text_align=\u00a0\u00bbleft\u00a0\u00bb background_animation=\u00a0\u00bbnone\u00a0\u00bb css_animation=\u00a0\u00bbelement_from_fade\u00a0\u00bb transition_delay=\u00a0\u00bb60&Prime;][vc_column width=\u00a0\u00bb1\/6&Prime;][\/vc_column][vc_column width=\u00a0\u00bb1\/6&Prime;]<div class='image_hover ' style='' data-transition-delay=''><div class='images_holder'><img class='active_image ' src='https:\/\/dispill.com\/wp-content\/uploads\/2017\/07\/unique-features-contenance-e1510248141368.jpg' alt='' style='' \/><img class='hover_image' src='https:\/\/dispill.com\/wp-content\/uploads\/2018\/04\/contenances-e1524578249306.png' alt='' style='' \/><\/div><\/div>[vc_empty_space height=\u00a0\u00bb30px\u00a0\u00bb][\/vc_column][vc_column width=\u00a0\u00bb1\/6&Prime;]<div class='image_hover ' style='' data-transition-delay=''><div class='images_holder'><img class='active_image ' src='https:\/\/dispill.com\/wp-content\/uploads\/2017\/07\/unique-features-greater-capacity-e1510248128500.jpg' alt='' style='' \/><img class='hover_image' src='https:\/\/dispill.com\/wp-content\/uploads\/2018\/04\/capacite-e1524578227429.png' alt='' style='' \/><\/div><\/div>[vc_empty_space height=\u00a0\u00bb30px\u00a0\u00bb][\/vc_column][vc_column width=\u00a0\u00bb1\/6&Prime;]<div class='image_hover ' style='' data-transition-delay=''><div class='images_holder'><img class='active_image ' src='https:\/\/dispill.com\/wp-content\/uploads\/2017\/07\/unique-features-serrated-e1510248115341.jpg' alt='' style='' \/><img class='hover_image' src='https:\/\/dispill.com\/wp-content\/uploads\/2018\/04\/carte_alveolaire-e1524578259744.png' alt='' style='' \/><\/div><\/div>[vc_empty_space height=\u00a0\u00bb30px\u00a0\u00bb][\/vc_column][vc_column width=\u00a0\u00bb1\/6&Prime;]<div class='image_hover ' style='' data-transition-delay=''><div class='images_holder'><img class='active_image ' src='https:\/\/dispill.com\/wp-content\/uploads\/2017\/07\/unique-features-label-e1510248086216.jpg' alt='' style='' \/><img class='hover_image' src='https:\/\/dispill.com\/wp-content\/uploads\/2018\/04\/etiquettes-e1524578237232.png' alt='' style='' \/><\/div><\/div>[vc_empty_space height=\u00a0\u00bb30px\u00a0\u00bb][\/vc_column][vc_column width=\u00a0\u00bb1\/6&Prime;][\/vc_column][\/vc_row][vc_row row_type=\u00a0\u00bbparallax\u00a0\u00bb text_align=\u00a0\u00bbleft\u00a0\u00bb full_screen_section_height=\u00a0\u00bbno\u00a0\u00bb][vc_column][vc_single_image image=\u00a0\u00bb1112&Prime; img_size=\u00a0\u00bbfull\u00a0\u00bb alignment=\u00a0\u00bbright\u00a0\u00bb qode_css_animation=\u00a0\u00bb\u00a0\u00bb][vc_empty_space][\/vc_column][\/vc_row][vc_row row_type=\u00a0\u00bbrow\u00a0\u00bb use_row_as_full_screen_section=\u00a0\u00bbno\u00a0\u00bb type=\u00a0\u00bbgrid\u00a0\u00bb text_align=\u00a0\u00bbleft\u00a0\u00bb background_animation=\u00a0\u00bbnone\u00a0\u00bb css_animation=\u00a0\u00bbelement_from_fade\u00a0\u00bb transition_delay=\u00a0\u00bb60&Prime; css=\u00a0\u00bb.vc_custom_1509539552911{padding-top: 30px !important;padding-bottom: 30px !important;background-color: #efefef !important;}\u00a0\u00bb][vc_column][vc_column_text]<\/p>\n<h1 style=\"text-align: center;\">VOUS D\u00c9SIREZ EN CONNA\u00ceTRE DAVANTAGE \u00c0 PROPOS DE DISPILL?<\/h1>\n<p>[\/vc_column_text][vc_row_inner row_type=\u00a0\u00bbrow\u00a0\u00bb type=\u00a0\u00bbgrid\u00a0\u00bb use_row_as_full_screen_section_slide=\u00a0\u00bbno\u00a0\u00bb text_align=\u00a0\u00bbleft\u00a0\u00bb css_animation=\u00a0\u00bbelement_from_fade\u00a0\u00bb transition_delay=\u00a0\u00bb10&Prime;][vc_column_inner][vc_column_text]<\/p>\n<h2 style=\"text-align: center;\"><strong>Compl\u00e9tez une demande d&rsquo;information et nous vous contacterons rapidement.<\/strong><\/h2>\n<p>[\/vc_column_text][vc_empty_space][\/vc_column_inner][\/vc_row_inner]\n<div class=\"wpcf7 no-js\" id=\"wpcf7-f41-o1\" lang=\"en-US\" dir=\"ltr\">\n<div class=\"screen-reader-response\"><p role=\"status\" aria-live=\"polite\" aria-atomic=\"true\"><\/p> <ul><\/ul><\/div>\n<form action=\"\/fr\/wp-json\/wp\/v2\/pages\/1573#wpcf7-f41-o1\" method=\"post\" class=\"wpcf7-form init default\" aria-label=\"Contact form\" novalidate=\"novalidate\" data-status=\"init\">\n<div style=\"display: none;\">\n<input type=\"hidden\" name=\"_wpcf7\" value=\"41\" \/>\n<input type=\"hidden\" name=\"_wpcf7_version\" value=\"5.9.5\" \/>\n<input type=\"hidden\" name=\"_wpcf7_locale\" value=\"en_US\" \/>\n<input type=\"hidden\" name=\"_wpcf7_unit_tag\" value=\"wpcf7-f41-o1\" \/>\n<input type=\"hidden\" name=\"_wpcf7_container_post\" value=\"0\" \/>\n<input type=\"hidden\" name=\"_wpcf7_posted_data_hash\" value=\"\" \/>\n<\/div>\n<h2 style=\"text-align: justify; margin-bottom: 15px;\">DISPILL-demande d'information\n<\/h2>\n<p>Dans quel domaine oeuvrez-vous? SVP sp\u00e9cifiez\n<\/p>\n<p><span class=\"wpcf7-form-control-wrap\" data-name=\"your-name\"><input size=\"40\" class=\"wpcf7-form-control wpcf7-text wpcf7-validates-as-required\" aria-required=\"true\" aria-invalid=\"false\" value=\"\" type=\"text\" name=\"your-name\" \/><\/span>\n<\/p>\n<p>O\u00f9 avez vous entendu parler de DISPILL?\n<\/p>\n<p><span class=\"wpcf7-form-control-wrap\" data-name=\"your-where\"><input size=\"40\" class=\"wpcf7-form-control wpcf7-text wpcf7-validates-as-required\" aria-required=\"true\" aria-invalid=\"false\" value=\"\" type=\"text\" name=\"your-where\" \/><\/span>\n<\/p>\n<p>Votre nom\n<\/p>\n<p><span class=\"wpcf7-form-control-wrap\" data-name=\"your-name\"><input size=\"40\" class=\"wpcf7-form-control wpcf7-text\" aria-invalid=\"false\" value=\"\" type=\"text\" name=\"your-name\" \/><\/span>\n<\/p>\n<p>Courriel\n<\/p>\n<p><span class=\"wpcf7-form-control-wrap\" data-name=\"your-email\"><input size=\"40\" class=\"wpcf7-form-control wpcf7-email wpcf7-validates-as-required wpcf7-text wpcf7-validates-as-email\" aria-required=\"true\" aria-invalid=\"false\" value=\"\" type=\"email\" name=\"your-email\" \/><\/span>\n<\/p>\n<p>T\u00e9l\u00e9phone (facultatif)\n<\/p>\n<p><span class=\"wpcf7-form-control-wrap\" data-name=\"your-phone\"><input size=\"40\" class=\"wpcf7-form-control wpcf7-text\" aria-invalid=\"false\" value=\"\" type=\"text\" name=\"your-phone\" \/><\/span>\n<\/p>\n<p>Votre question?\n<\/p>\n<p><span class=\"wpcf7-form-control-wrap\" data-name=\"your-question\"><input size=\"40\" class=\"wpcf7-form-control wpcf7-text\" aria-invalid=\"false\" value=\"\" type=\"text\" name=\"your-question\" \/><\/span>\n<\/p>\n<p><input class=\"wpcf7-form-control wpcf7-submit has-spinner\" type=\"submit\" value=\"Envoyer\" \/>\n<\/p><div class=\"wpcf7-response-output\" aria-hidden=\"true\"><\/div>\n<\/form>\n<\/div>\n[vc_column_text]<\/p>\n<p>[\/vc_column_text][\/vc_column][\/vc_row][vc_row row_type=\u00a0\u00bbrow\u00a0\u00bb use_row_as_full_screen_section=\u00a0\u00bbno\u00a0\u00bb type=\u00a0\u00bbgrid\u00a0\u00bb text_align=\u00a0\u00bbleft\u00a0\u00bb background_animation=\u00a0\u00bbnone\u00a0\u00bb css_animation=\u00a0\u00bb\u00a0\u00bb][vc_column width=\u00a0\u00bb1\/4&Prime;][vc_empty_space height=\u00a0\u00bb60px\u00a0\u00bb][vc_single_image image=\u00a0\u00bb1401&Prime; img_size=\u00a0\u00bb240&#215;120&Prime; qode_css_animation=\u00a0\u00bb\u00a0\u00bb][vc_empty_space height=\u00a0\u00bb20px\u00a0\u00bb][\/vc_column][vc_column width=\u00a0\u00bb3\/4&Prime;][vc_empty_space height=\u00a0\u00bb60px\u00a0\u00bb][vc_column_text]<strong><b>DISPILL fait partie de la famille d\u2019Emballages RICHARDS<br \/>\n<\/b><\/strong>Fond\u00e9e en 1912, Emballages RICHARDS \u00e9tait \u00e0 ses d\u00e9buts un manufacturier de contenants de verre.\u00a0 Au fil des ans, RICHARDS s\u2019est diversifi\u00e9e pour devenir un important manufacturier et distributeur nord-am\u00e9ricain de contenants pour les domaines cl\u00e9s de l\u2019agroalimentation, la sant\u00e9, les cosm\u00e9tiques, l\u2019industriel et le pharmaceutique.<\/p>\n<p>[\/vc_column_text][vc_empty_space height=\u00a0\u00bb20px\u00a0\u00bb][\/vc_column][\/vc_row][vc_column][vc_column_text]<\/p>\n<p>[\/vc_column_text][\/vc_column]<\/p>\n","protected":false},"excerpt":{"rendered":"<p>[vc_row row_type=\u00a0\u00bbrow\u00a0\u00bb use_row_as_full_screen_section=\u00a0\u00bbno\u00a0\u00bb type=\u00a0\u00bbfull_width\u00a0\u00bb text_align=\u00a0\u00bbleft\u00a0\u00bb background_animation=\u00a0\u00bbnone\u00a0\u00bb css_animation=\u00a0\u00bb\u00a0\u00bb][vc_column][vc_empty_space height=\u00a0\u00bb100px\u00a0\u00bb][\/vc_column][\/vc_row][vc_row row_type=\u00a0\u00bbrow\u00a0\u00bb use_row_as_full_screen_section=\u00a0\u00bbno\u00a0\u00bb type=\u00a0\u00bbgrid\u00a0\u00bb text_align=\u00a0\u00bbleft\u00a0\u00bb background_animation=\u00a0\u00bbnone\u00a0\u00bb css_animation=\u00a0\u00bb\u00a0\u00bb][vc_column width=\u00a0\u00bb1\/2&Prime;][vc_column_text] TOUT-EN-UN UN SEUL EMBALLAGE POUR TOUS LES M\u00c9DICAMENTS Dispill simplifie la pr\u00e9paration, la distribution et la prise quotidienne des prescriptions. Les cartes alv\u00e9olaires de type calendrier assurent un suivi des&#8230;<\/p>\n","protected":false},"author":1,"featured_media":0,"parent":0,"menu_order":0,"comment_status":"closed","ping_status":"closed","template":"full_width.php","meta":{"footnotes":""},"yoast_head":"<!-- This site is optimized with the Yoast SEO plugin v22.8 - https:\/\/yoast.com\/wordpress\/plugins\/seo\/ -->\n<title>Accueil - Dispill<\/title>\n<meta name=\"robots\" content=\"index, follow, max-snippet:-1, max-image-preview:large, max-video-preview:-1\" \/>\n<link rel=\"canonical\" href=\"https:\/\/dispill.com\/fr\/\" \/>\n<meta property=\"og:locale\" content=\"fr_FR\" \/>\n<meta property=\"og:type\" content=\"article\" \/>\n<meta property=\"og:title\" content=\"Accueil - Dispill\" \/>\n<meta property=\"og:description\" content=\"[vc_row row_type=\u00a0\u00bbrow\u00a0\u00bb use_row_as_full_screen_section=\u00a0\u00bbno\u00a0\u00bb type=\u00a0\u00bbfull_width\u00a0\u00bb text_align=\u00a0\u00bbleft\u00a0\u00bb background_animation=\u00a0\u00bbnone\u00a0\u00bb css_animation=\u00a0\u00bb\u00a0\u00bb][vc_column][vc_empty_space height=\u00a0\u00bb100px\u00a0\u00bb][\/vc_column][\/vc_row][vc_row row_type=\u00a0\u00bbrow\u00a0\u00bb use_row_as_full_screen_section=\u00a0\u00bbno\u00a0\u00bb type=\u00a0\u00bbgrid\u00a0\u00bb text_align=\u00a0\u00bbleft\u00a0\u00bb background_animation=\u00a0\u00bbnone\u00a0\u00bb css_animation=\u00a0\u00bb\u00a0\u00bb][vc_column width=\u00a0\u00bb1\/2&Prime;][vc_column_text] TOUT-EN-UN UN SEUL EMBALLAGE POUR TOUS LES M\u00c9DICAMENTS Dispill simplifie la pr\u00e9paration, la distribution et la prise quotidienne des prescriptions. Les cartes alv\u00e9olaires de type calendrier assurent un suivi des...\" \/>\n<meta property=\"og:url\" content=\"https:\/\/dispill.com\/fr\/\" \/>\n<meta property=\"og:site_name\" content=\"Dispill\" \/>\n<meta property=\"article:modified_time\" content=\"2022-07-08T20:35:37+00:00\" \/>\n<meta name=\"twitter:card\" content=\"summary_large_image\" \/>\n<meta name=\"twitter:label1\" content=\"Dur\u00e9e de lecture estim\u00e9e\" \/>\n\t<meta name=\"twitter:data1\" content=\"6 minutes\" \/>\n<script type=\"application\/ld+json\" class=\"yoast-schema-graph\">{\"@context\":\"https:\/\/schema.org\",\"@graph\":[{\"@type\":\"WebPage\",\"@id\":\"https:\/\/dispill.com\/fr\/\",\"url\":\"https:\/\/dispill.com\/fr\/\",\"name\":\"Accueil - Dispill\",\"isPartOf\":{\"@id\":\"https:\/\/dispill.com\/#website\"},\"datePublished\":\"2018-04-05T18:49:48+00:00\",\"dateModified\":\"2022-07-08T20:35:37+00:00\",\"breadcrumb\":{\"@id\":\"https:\/\/dispill.com\/fr\/#breadcrumb\"},\"inLanguage\":\"fr-FR\",\"potentialAction\":[{\"@type\":\"ReadAction\",\"target\":[\"https:\/\/dispill.com\/fr\/\"]}]},{\"@type\":\"BreadcrumbList\",\"@id\":\"https:\/\/dispill.com\/fr\/#breadcrumb\",\"itemListElement\":[{\"@type\":\"ListItem\",\"position\":1,\"name\":\"Home\",\"item\":\"https:\/\/dispill.com\/fr\/\"},{\"@type\":\"ListItem\",\"position\":2,\"name\":\"Accueil\"}]},{\"@type\":\"WebSite\",\"@id\":\"https:\/\/dispill.com\/#website\",\"url\":\"https:\/\/dispill.com\/\",\"name\":\"Dispill\",\"description\":\"Dispill\",\"potentialAction\":[{\"@type\":\"SearchAction\",\"target\":{\"@type\":\"EntryPoint\",\"urlTemplate\":\"https:\/\/dispill.com\/?s={search_term_string}\"},\"query-input\":\"required name=search_term_string\"}],\"inLanguage\":\"fr-FR\"}]}<\/script>\n<!-- \/ Yoast SEO plugin. -->","yoast_head_json":{"title":"Accueil - Dispill","robots":{"index":"index","follow":"follow","max-snippet":"max-snippet:-1","max-image-preview":"max-image-preview:large","max-video-preview":"max-video-preview:-1"},"canonical":"https:\/\/dispill.com\/fr\/","og_locale":"fr_FR","og_type":"article","og_title":"Accueil - Dispill","og_description":"[vc_row row_type=\u00a0\u00bbrow\u00a0\u00bb use_row_as_full_screen_section=\u00a0\u00bbno\u00a0\u00bb type=\u00a0\u00bbfull_width\u00a0\u00bb text_align=\u00a0\u00bbleft\u00a0\u00bb background_animation=\u00a0\u00bbnone\u00a0\u00bb css_animation=\u00a0\u00bb\u00a0\u00bb][vc_column][vc_empty_space height=\u00a0\u00bb100px\u00a0\u00bb][\/vc_column][\/vc_row][vc_row row_type=\u00a0\u00bbrow\u00a0\u00bb use_row_as_full_screen_section=\u00a0\u00bbno\u00a0\u00bb type=\u00a0\u00bbgrid\u00a0\u00bb text_align=\u00a0\u00bbleft\u00a0\u00bb background_animation=\u00a0\u00bbnone\u00a0\u00bb css_animation=\u00a0\u00bb\u00a0\u00bb][vc_column width=\u00a0\u00bb1\/2&Prime;][vc_column_text] TOUT-EN-UN UN SEUL EMBALLAGE POUR TOUS LES M\u00c9DICAMENTS Dispill simplifie la pr\u00e9paration, la distribution et la prise quotidienne des prescriptions. Les cartes alv\u00e9olaires de type calendrier assurent un suivi des...","og_url":"https:\/\/dispill.com\/fr\/","og_site_name":"Dispill","article_modified_time":"2022-07-08T20:35:37+00:00","twitter_card":"summary_large_image","twitter_misc":{"Dur\u00e9e de lecture estim\u00e9e":"6 minutes"},"schema":{"@context":"https:\/\/schema.org","@graph":[{"@type":"WebPage","@id":"https:\/\/dispill.com\/fr\/","url":"https:\/\/dispill.com\/fr\/","name":"Accueil - Dispill","isPartOf":{"@id":"https:\/\/dispill.com\/#website"},"datePublished":"2018-04-05T18:49:48+00:00","dateModified":"2022-07-08T20:35:37+00:00","breadcrumb":{"@id":"https:\/\/dispill.com\/fr\/#breadcrumb"},"inLanguage":"fr-FR","potentialAction":[{"@type":"ReadAction","target":["https:\/\/dispill.com\/fr\/"]}]},{"@type":"BreadcrumbList","@id":"https:\/\/dispill.com\/fr\/#breadcrumb","itemListElement":[{"@type":"ListItem","position":1,"name":"Home","item":"https:\/\/dispill.com\/fr\/"},{"@type":"ListItem","position":2,"name":"Accueil"}]},{"@type":"WebSite","@id":"https:\/\/dispill.com\/#website","url":"https:\/\/dispill.com\/","name":"Dispill","description":"Dispill","potentialAction":[{"@type":"SearchAction","target":{"@type":"EntryPoint","urlTemplate":"https:\/\/dispill.com\/?s={search_term_string}"},"query-input":"required name=search_term_string"}],"inLanguage":"fr-FR"}]}},"_links":{"self":[{"href":"https:\/\/dispill.com\/fr\/wp-json\/wp\/v2\/pages\/1573"}],"collection":[{"href":"https:\/\/dispill.com\/fr\/wp-json\/wp\/v2\/pages"}],"about":[{"href":"https:\/\/dispill.com\/fr\/wp-json\/wp\/v2\/types\/page"}],"author":[{"embeddable":true,"href":"https:\/\/dispill.com\/fr\/wp-json\/wp\/v2\/users\/1"}],"replies":[{"embeddable":true,"href":"https:\/\/dispill.com\/fr\/wp-json\/wp\/v2\/comments?post=1573"}],"version-history":[{"count":56,"href":"https:\/\/dispill.com\/fr\/wp-json\/wp\/v2\/pages\/1573\/revisions"}],"predecessor-version":[{"id":4646,"href":"https:\/\/dispill.com\/fr\/wp-json\/wp\/v2\/pages\/1573\/revisions\/4646"}],"wp:attachment":[{"href":"https:\/\/dispill.com\/fr\/wp-json\/wp\/v2\/media?parent=1573"}],"curies":[{"name":"wp","href":"https:\/\/api.w.org\/{rel}","templated":true}]}}